{"id":747,"date":"2026-02-20T15:50:48","date_gmt":"2026-02-20T15:50:48","guid":{"rendered":"https:\/\/wrxforce.com\/?page_id=747"},"modified":"2026-04-06T17:49:05","modified_gmt":"2026-04-06T17:49:05","slug":"blog","status":"publish","type":"page","link":"https:\/\/wrxforce.com\/es\/blog\/","title":{"rendered":"Blog"},"content":{"rendered":"<div data-elementor-type=\"wp-page\" data-elementor-id=\"747\" class=\"elementor elementor-747\" data-elementor-post-type=\"page\">\n\t\t\t\t<div class=\"elementor-element elementor-element-e4fac51 e-flex e-con-boxed e-con e-parent\" data-id=\"e4fac51\" data-element_type=\"container\" data-e-type=\"container\" data-settings=\"{&quot;background_background&quot;:&quot;classic&quot;}\">\n\t\t\t\t\t<div class=\"e-con-inner\">\n\t\t\t\t<div class=\"elementor-element elementor-element-119f2c69 elementor-widget__width-initial elementor-invisible elementor-widget elementor-widget-elementskit-heading\" data-id=\"119f2c69\" data-element_type=\"widget\" data-e-type=\"widget\" data-settings=\"{&quot;_animation&quot;:&quot;fadeInUp&quot;}\" data-widget_type=\"elementskit-heading.default\">\n\t\t\t\t\t<div class=\"ekit-wid-con\" ><div class=\"ekit-heading elementskit-section-title-wraper text_center   ekit_heading_tablet-   ekit_heading_mobile-\"><h2 class=\"ekit-heading--title elementskit-section-title\">Blog &amp; <span><span>News<\/span><\/span><\/h2><\/div><\/div>\t\t\t\t<\/div>\n\t\t\t\t<div class=\"elementor-element elementor-element-7a0a7b41 elementor-icon-list--layout-inline elementor-align-center elementor-list-item-link-full_width elementor-invisible elementor-widget elementor-widget-icon-list\" data-id=\"7a0a7b41\" data-element_type=\"widget\" data-e-type=\"widget\" data-settings=\"{&quot;_animation&quot;:&quot;fadeInUp&quot;,&quot;_animation_delay&quot;:200}\" data-widget_type=\"icon-list.default\">\n\t\t\t\t\t\t\t<ul class=\"elementor-icon-list-items elementor-inline-items\">\n\t\t\t\t\t\t\t<li class=\"elementor-icon-list-item elementor-inline-item\">\n\t\t\t\t\t\t\t\t\t\t\t<a href=\"#\">\n\n\t\t\t\t\t\t\t\t\t\t\t<span class=\"elementor-icon-list-text\">Inicio<\/span>\n\t\t\t\t\t\t\t\t\t\t\t<\/a>\n\t\t\t\t\t\t\t\t\t<\/li>\n\t\t\t\t\t\t\t\t<li class=\"elementor-icon-list-item elementor-inline-item\">\n\t\t\t\t\t\t\t\t\t\t\t<a href=\"#\">\n\n\t\t\t\t\t\t\t\t\t\t\t\t<span class=\"elementor-icon-list-icon\">\n\t\t\t\t\t\t\t<i aria-hidden=\"true\" class=\"icon icon-right-arrow\"><\/i>\t\t\t\t\t\t<\/span>\n\t\t\t\t\t\t\t\t\t\t<span class=\"elementor-icon-list-text\">Blog<\/span>\n\t\t\t\t\t\t\t\t\t\t\t<\/a>\n\t\t\t\t\t\t\t\t\t<\/li>\n\t\t\t\t\t\t<\/ul>\n\t\t\t\t\t\t<\/div>\n\t\t\t\t\t<\/div>\n\t\t\t\t<\/div>\n\t\t<div class=\"elementor-element elementor-element-254179a6 e-flex e-con-boxed e-con e-parent\" data-id=\"254179a6\" data-element_type=\"container\" data-e-type=\"container\">\n\t\t\t\t\t<div class=\"e-con-inner\">\n\t\t\t\t<div class=\"elementor-element elementor-element-7e1e2024 ekit-blog-posts--bg-hover bg-hover-classic elementor-invisible elementor-widget elementor-widget-elementskit-blog-posts\" data-id=\"7e1e2024\" data-element_type=\"widget\" data-e-type=\"widget\" data-settings=\"{&quot;_animation&quot;:&quot;fadeInUp&quot;}\" data-widget_type=\"elementskit-blog-posts.default\">\n\t\t\t\t\t<div class=\"ekit-wid-con\" >        <div id=\"post-items--7e1e2024\" class=\"row post-items\">\n                    <div class=\"col-lg-4 col-md-6\">\n\n                                    <div class=\"elementskit-post-image-card\">\n                        <div class=\"elementskit-entry-header\">\n                                                            <a href=\"https:\/\/wrxforce.com\/es\/strategic-payroll-management-for-growing-businesses-in-2026\/\" class=\"elementskit-entry-thumb\">\n                                    <img decoding=\"async\" src=\"https:\/\/wrxforce.com\/wp-content\/uploads\/2026\/02\/business-meeting-with-analytics-1024x574.jpg\" alt=\"Strategic Payroll Management for Growing Businesses in 2026\">\n                                <\/a><!-- .elementskit-entry-thumb END -->\n                                                                                                    <div class=\"elementskit-meta-lists\">\n                                        <div class=\"elementskit-single-meta\"><span class=\"elementskit-meta-wraper\"><strong>20<\/strong>Feb<\/span><\/div>\n                                    <\/div>\n                                                                                            \n                            \n\t\t\t\t\t\t\t\t\t\t\t\t\t<\/div><!-- .elementskit-entry-header END -->\n\n\t\t\t\t\t\t<div class=\"elementskit-post-body\">\n\t\t\t\t\t\t\t\n\t\t\t\t\t\t\t\t\t\t\t\t\t\t\t\t\t\t\t\t\t\t\t\t\t\n\t\t\t\t\t\t\t\t\n\t\t\t\t\t\t\t\t\t\t\t\t\t\t\t\t\t\t\t\t\t<h2 class=\"entry-title\">\n\t\t\t\t\t<a href=\"https:\/\/wrxforce.com\/es\/strategic-payroll-management-for-growing-businesses-in-2026\/\">\n\t\t\t\t\t\tGesti\u00f3n estrat\u00e9gica de n\u00f3mina para empresas en crecimiento en 2026.\t\t\t\t\t<\/a>\n\t\t\t\t<\/h2>\n\t\t\t\t\t\t\t\t\t\t\t\t\t\t\t\t\t\t\t\t\t\t\t\t\t\t\t\t\t\t\t\t\t\t\t\t\t\t\t\t\t\t<p>Discover how strategic payroll management improves compliance, workforce planning, employee&hellip;<\/p>\n\t\t\t\t\t\t\t\t\t\t\t\t\t\t\t\t\t\t\t\t\t\t                                                    <\/div><!-- .elementskit-post-body END -->\n                    <\/div>\n                \n            <\/div>\n                    <div class=\"col-lg-4 col-md-6\">\n\n                                    <div class=\"elementskit-post-image-card\">\n                        <div class=\"elementskit-entry-header\">\n                                                            <a href=\"https:\/\/wrxforce.com\/es\/workplace-conflict-resolution-an-essential-hr-strategy-for-every-organization\/\" class=\"elementskit-entry-thumb\">\n                                    <img decoding=\"async\" src=\"https:\/\/wrxforce.com\/wp-content\/uploads\/2026\/02\/dissatisfied-female-executive-blaming-threatening-male-employee-team-meeting-1024x576.jpg\" alt=\"Workplace Conflict Resolution: An Essential HR Strategy for Every Organization\">\n                                <\/a><!-- .elementskit-entry-thumb END -->\n                                                                                                    <div class=\"elementskit-meta-lists\">\n                                        <div class=\"elementskit-single-meta\"><span class=\"elementskit-meta-wraper\"><strong>20<\/strong>Feb<\/span><\/div>\n                                    <\/div>\n                                                                                            \n                            \n\t\t\t\t\t\t\t\t\t\t\t\t\t<\/div><!-- .elementskit-entry-header END -->\n\n\t\t\t\t\t\t<div class=\"elementskit-post-body\">\n\t\t\t\t\t\t\t\n\t\t\t\t\t\t\t\t\t\t\t\t\t\t\t\t\t\t\t\t\t\t\t\t\t\n\t\t\t\t\t\t\t\t\n\t\t\t\t\t\t\t\t\t\t\t\t\t\t\t\t\t\t\t\t\t<h2 class=\"entry-title\">\n\t\t\t\t\t<a href=\"https:\/\/wrxforce.com\/es\/workplace-conflict-resolution-an-essential-hr-strategy-for-every-organization\/\">\n\t\t\t\t\t\tResoluci\u00f3n de conflictos en el lugar de trabajo: Una estrategia esencial de RR.HH. para toda organizaci\u00f3n\t\t\t\t\t<\/a>\n\t\t\t\t<\/h2>\n\t\t\t\t\t\t\t\t\t\t\t\t\t\t\t\t\t\t\t\t\t\t\t\t\t\t\t\t\t\t\t\t\t\t\t\t\t\t\t\t\t\t<p>Learn how effective workplace conflict resolution strategies improve employee morale,&hellip;<\/p>\n\t\t\t\t\t\t\t\t\t\t\t\t\t\t\t\t\t\t\t\t\t\t                                                    <\/div><!-- .elementskit-post-body END -->\n                    <\/div>\n                \n            <\/div>\n                    <div class=\"col-lg-4 col-md-6\">\n\n                                    <div class=\"elementskit-post-image-card\">\n                        <div class=\"elementskit-entry-header\">\n                                                            <a href=\"https:\/\/wrxforce.com\/es\/the-2026-payroll-compliance-checklist-for-growing-businesses\/\" class=\"elementskit-entry-thumb\">\n                                    <img decoding=\"async\" src=\"https:\/\/wrxforce.com\/wp-content\/uploads\/2026\/02\/businessman-holding-smartphone-laptop-office-1024x683.jpg\" alt=\"The 2026 Payroll Compliance Checklist for Growing Businesses\">\n                                <\/a><!-- .elementskit-entry-thumb END -->\n                                                                                                    <div class=\"elementskit-meta-lists\">\n                                        <div class=\"elementskit-single-meta\"><span class=\"elementskit-meta-wraper\"><strong>20<\/strong>Feb<\/span><\/div>\n                                    <\/div>\n                                                                                            \n                            \n\t\t\t\t\t\t\t\t\t\t\t\t\t<\/div><!-- .elementskit-entry-header END -->\n\n\t\t\t\t\t\t<div class=\"elementskit-post-body\">\n\t\t\t\t\t\t\t\n\t\t\t\t\t\t\t\t\t\t\t\t\t\t\t\t\t\t\t\t\t\t\t\t\t\n\t\t\t\t\t\t\t\t\n\t\t\t\t\t\t\t\t\t\t\t\t\t\t\t\t\t\t\t\t\t<h2 class=\"entry-title\">\n\t\t\t\t\t<a href=\"https:\/\/wrxforce.com\/es\/the-2026-payroll-compliance-checklist-for-growing-businesses\/\">\n\t\t\t\t\t\tLista de verificaci\u00f3n de cumplimiento de n\u00f3mina 2026 para empresas en crecimiento\t\t\t\t\t<\/a>\n\t\t\t\t<\/h2>\n\t\t\t\t\t\t\t\t\t\t\t\t\t\t\t\t\t\t\t\t\t\t\t\t\t\t\t\t\t\t\t\t\t\t\t\t\t\t\t\t\t\t<p>February 2026 Payroll is more than a back-office task \u2014&hellip;<\/p>\n\t\t\t\t\t\t\t\t\t\t\t\t\t\t\t\t\t\t\t\t\t\t                                                    <\/div><!-- .elementskit-post-body END -->\n                    <\/div>\n                \n            <\/div>\n                <\/div>\n       <\/div>\t\t\t\t<\/div>\n\t\t\t\t\t<\/div>\n\t\t\t\t<\/div>\n\t\t\t\t<\/div>","protected":false},"excerpt":{"rendered":"<p>Blog &amp; News Home Blog 20Feb Strategic Payroll Management for Growing Businesses in 2026 Discover how strategic payroll management improves compliance, workforce planning, employee&hellip; 20Feb Workplace Conflict Resolution: An Essential HR Strategy for Every Organization Learn how effective workplace conflict resolution strategies improve employee morale,&hellip; 20Feb The 2026 Payroll Compliance Checklist for Growing Businesses February [&hellip;]<\/p>\n","protected":false},"author":1,"featured_media":0,"parent":0,"menu_order":0,"comment_status":"closed","ping_status":"closed","template":"","meta":{"footnotes":""},"class_list":["post-747","page","type-page","status-publish","hentry"],"yoast_head":"<!-- This site is optimized with the Yoast SEO plugin v27.3 - https:\/\/yoast.com\/product\/yoast-seo-wordpress\/ -->\n<title>Blog - WRXForce<\/title>\n<meta name=\"robots\" content=\"index, follow, max-snippet:-1, max-image-preview:large, max-video-preview:-1\" \/>\n<link rel=\"canonical\" href=\"https:\/\/wrxforce.com\/es\/blog\/\" \/>\n<meta property=\"og:locale\" content=\"es_MX\" \/>\n<meta property=\"og:type\" content=\"article\" \/>\n<meta property=\"og:title\" content=\"Blog - WRXForce\" \/>\n<meta property=\"og:description\" content=\"Blog &amp; News Home Blog 20Feb Strategic Payroll Management for Growing Businesses in 2026 Discover how strategic payroll management improves compliance, workforce planning, employee&hellip; 20Feb Workplace Conflict Resolution: An Essential HR Strategy for Every Organization Learn how effective workplace conflict resolution strategies improve employee morale,&hellip; 20Feb The 2026 Payroll Compliance Checklist for Growing Businesses February [&hellip;]\" \/>\n<meta property=\"og:url\" content=\"https:\/\/wrxforce.com\/es\/blog\/\" \/>\n<meta property=\"og:site_name\" content=\"WRXForce\" \/>\n<meta property=\"article:modified_time\" content=\"2026-04-06T17:49:05+00:00\" \/>\n<meta property=\"og:image\" content=\"https:\/\/wrxforce.com\/wp-content\/uploads\/2026\/02\/business-meeting-with-analytics-1024x574.jpg\" \/>\n<meta name=\"twitter:card\" content=\"summary_large_image\" \/>\n<meta name=\"twitter:label1\" content=\"Tiempo de lectura\" \/>\n\t<meta name=\"twitter:data1\" content=\"1 minuto\" \/>\n<script type=\"application\/ld+json\" class=\"yoast-schema-graph\">{\"@context\":\"https:\\\/\\\/schema.org\",\"@graph\":[{\"@type\":\"WebPage\",\"@id\":\"https:\\\/\\\/wrxforce.com\\\/blog\\\/\",\"url\":\"https:\\\/\\\/wrxforce.com\\\/blog\\\/\",\"name\":\"Blog - WRXForce\",\"isPartOf\":{\"@id\":\"https:\\\/\\\/wrxforce.com\\\/#website\"},\"primaryImageOfPage\":{\"@id\":\"https:\\\/\\\/wrxforce.com\\\/blog\\\/#primaryimage\"},\"image\":{\"@id\":\"https:\\\/\\\/wrxforce.com\\\/blog\\\/#primaryimage\"},\"thumbnailUrl\":\"https:\\\/\\\/wrxforce.com\\\/wp-content\\\/uploads\\\/2026\\\/02\\\/business-meeting-with-analytics-1024x574.jpg\",\"datePublished\":\"2026-02-20T15:50:48+00:00\",\"dateModified\":\"2026-04-06T17:49:05+00:00\",\"breadcrumb\":{\"@id\":\"https:\\\/\\\/wrxforce.com\\\/blog\\\/#breadcrumb\"},\"inLanguage\":\"es\",\"potentialAction\":[{\"@type\":\"ReadAction\",\"target\":[\"https:\\\/\\\/wrxforce.com\\\/blog\\\/\"]}]},{\"@type\":\"ImageObject\",\"inLanguage\":\"es\",\"@id\":\"https:\\\/\\\/wrxforce.com\\\/blog\\\/#primaryimage\",\"url\":\"https:\\\/\\\/wrxforce.com\\\/wp-content\\\/uploads\\\/2026\\\/02\\\/business-meeting-with-analytics-1024x574.jpg\",\"contentUrl\":\"https:\\\/\\\/wrxforce.com\\\/wp-content\\\/uploads\\\/2026\\\/02\\\/business-meeting-with-analytics-1024x574.jpg\"},{\"@type\":\"BreadcrumbList\",\"@id\":\"https:\\\/\\\/wrxforce.com\\\/blog\\\/#breadcrumb\",\"itemListElement\":[{\"@type\":\"ListItem\",\"position\":1,\"name\":\"Home\",\"item\":\"https:\\\/\\\/wrxforce.com\\\/\"},{\"@type\":\"ListItem\",\"position\":2,\"name\":\"Blog\"}]},{\"@type\":\"WebSite\",\"@id\":\"https:\\\/\\\/wrxforce.com\\\/#website\",\"url\":\"https:\\\/\\\/wrxforce.com\\\/\",\"name\":\"WRXForce\",\"description\":\"\",\"potentialAction\":[{\"@type\":\"SearchAction\",\"target\":{\"@type\":\"EntryPoint\",\"urlTemplate\":\"https:\\\/\\\/wrxforce.com\\\/?s={search_term_string}\"},\"query-input\":{\"@type\":\"PropertyValueSpecification\",\"valueRequired\":true,\"valueName\":\"search_term_string\"}}],\"inLanguage\":\"es\"}]}<\/script>\n<!-- \/ Yoast SEO plugin. -->","yoast_head_json":{"title":"Blog - WRXForce","robots":{"index":"index","follow":"follow","max-snippet":"max-snippet:-1","max-image-preview":"max-image-preview:large","max-video-preview":"max-video-preview:-1"},"canonical":"https:\/\/wrxforce.com\/es\/blog\/","og_locale":"es_MX","og_type":"article","og_title":"Blog - WRXForce","og_description":"Blog &amp; News Home Blog 20Feb Strategic Payroll Management for Growing Businesses in 2026 Discover how strategic payroll management improves compliance, workforce planning, employee&hellip; 20Feb Workplace Conflict Resolution: An Essential HR Strategy for Every Organization Learn how effective workplace conflict resolution strategies improve employee morale,&hellip; 20Feb The 2026 Payroll Compliance Checklist for Growing Businesses February [&hellip;]","og_url":"https:\/\/wrxforce.com\/es\/blog\/","og_site_name":"WRXForce","article_modified_time":"2026-04-06T17:49:05+00:00","og_image":[{"url":"https:\/\/wrxforce.com\/wp-content\/uploads\/2026\/02\/business-meeting-with-analytics-1024x574.jpg","type":"","width":"","height":""}],"twitter_card":"summary_large_image","twitter_misc":{"Tiempo de lectura":"1 minuto"},"schema":{"@context":"https:\/\/schema.org","@graph":[{"@type":"WebPage","@id":"https:\/\/wrxforce.com\/blog\/","url":"https:\/\/wrxforce.com\/blog\/","name":"Blog - WRXForce","isPartOf":{"@id":"https:\/\/wrxforce.com\/#website"},"primaryImageOfPage":{"@id":"https:\/\/wrxforce.com\/blog\/#primaryimage"},"image":{"@id":"https:\/\/wrxforce.com\/blog\/#primaryimage"},"thumbnailUrl":"https:\/\/wrxforce.com\/wp-content\/uploads\/2026\/02\/business-meeting-with-analytics-1024x574.jpg","datePublished":"2026-02-20T15:50:48+00:00","dateModified":"2026-04-06T17:49:05+00:00","breadcrumb":{"@id":"https:\/\/wrxforce.com\/blog\/#breadcrumb"},"inLanguage":"es","potentialAction":[{"@type":"ReadAction","target":["https:\/\/wrxforce.com\/blog\/"]}]},{"@type":"ImageObject","inLanguage":"es","@id":"https:\/\/wrxforce.com\/blog\/#primaryimage","url":"https:\/\/wrxforce.com\/wp-content\/uploads\/2026\/02\/business-meeting-with-analytics-1024x574.jpg","contentUrl":"https:\/\/wrxforce.com\/wp-content\/uploads\/2026\/02\/business-meeting-with-analytics-1024x574.jpg"},{"@type":"BreadcrumbList","@id":"https:\/\/wrxforce.com\/blog\/#breadcrumb","itemListElement":[{"@type":"ListItem","position":1,"name":"Home","item":"https:\/\/wrxforce.com\/"},{"@type":"ListItem","position":2,"name":"Blog"}]},{"@type":"WebSite","@id":"https:\/\/wrxforce.com\/#website","url":"https:\/\/wrxforce.com\/","name":"WRXForce","description":"","potentialAction":[{"@type":"SearchAction","target":{"@type":"EntryPoint","urlTemplate":"https:\/\/wrxforce.com\/?s={search_term_string}"},"query-input":{"@type":"PropertyValueSpecification","valueRequired":true,"valueName":"search_term_string"}}],"inLanguage":"es"}]}},"_links":{"self":[{"href":"https:\/\/wrxforce.com\/es\/wp-json\/wp\/v2\/pages\/747","targetHints":{"allow":["GET"]}}],"collection":[{"href":"https:\/\/wrxforce.com\/es\/wp-json\/wp\/v2\/pages"}],"about":[{"href":"https:\/\/wrxforce.com\/es\/wp-json\/wp\/v2\/types\/page"}],"author":[{"embeddable":true,"href":"https:\/\/wrxforce.com\/es\/wp-json\/wp\/v2\/users\/1"}],"replies":[{"embeddable":true,"href":"https:\/\/wrxforce.com\/es\/wp-json\/wp\/v2\/comments?post=747"}],"version-history":[{"count":7,"href":"https:\/\/wrxforce.com\/es\/wp-json\/wp\/v2\/pages\/747\/revisions"}],"predecessor-version":[{"id":1002,"href":"https:\/\/wrxforce.com\/es\/wp-json\/wp\/v2\/pages\/747\/revisions\/1002"}],"wp:attachment":[{"href":"https:\/\/wrxforce.com\/es\/wp-json\/wp\/v2\/media?parent=747"}],"curies":[{"name":"wp","href":"https:\/\/api.w.org\/{rel}","templated":true}]}}